{"id":3952,"date":"2024-11-13T12:20:26","date_gmt":"2024-11-13T11:20:26","guid":{"rendered":"https:\/\/www.vapic.de\/?page_id=3952"},"modified":"2025-10-23T10:04:35","modified_gmt":"2025-10-23T08:04:35","slug":"downloads","status":"publish","type":"page","link":"https:\/\/www.vapic.de\/en\/downloads\/","title":{"rendered":"Downloads"},"content":{"rendered":"<div id=\"pl-3952\"  class=\"panel-layout\" ><div id=\"pg-3952-0\"  class=\"panel-grid panel-no-style\" ><div id=\"pgc-3952-0-0\"  class=\"panel-grid-cell\" ><div id=\"panel-3952-0-0-0\" class=\"so-panel widget widget_wwm-headline-widget panel-first-child\" data-index=\"0\" ><div\n\t\t\t\n\t\t\tclass=\"so-widget-wwm-headline-widget so-widget-wwm-headline-widget-base\"\n\t\t\t\n\t\t><h1 class=\"wwm-headline1\" style=\"color:#505a5b;\">Download center<\/h1><\/div><\/div><div id=\"panel-3952-0-0-1\" class=\"so-panel widget widget_wwm-text-widget panel-last-child\" data-index=\"1\" ><div\n\t\t\t\n\t\t\tclass=\"so-widget-wwm-text-widget so-widget-wwm-text-widget-base\"\n\t\t\t\n\t\t><div style=\"color:;\"><div style=\"padding:0px;\"><p>Here you can download various documents.<\/p>\n<\/div><\/div><\/div><\/div><\/div><\/div><div id=\"pg-3952-1\"  class=\"panel-grid panel-no-style\" ><div id=\"pgc-3952-1-0\"  class=\"panel-grid-cell\" ><div id=\"panel-3952-1-0-0\" class=\"so-panel widget widget_wwm-text-widget panel-first-child panel-last-child\" data-index=\"2\" ><div\n\t\t\t\n\t\t\tclass=\"so-widget-wwm-text-widget so-widget-wwm-text-widget-base\"\n\t\t\t\n\t\t><div style=\"color:;\"><div style=\"padding:0px;\"><p><strong>Certificates<\/strong><\/p>\n<p><a href=\"https:\/\/www.vapic.de\/wp-content\/uploads\/2024_05_06_Zertifikat_9001_Syscert_vapic.pdf\" target=\"_blank\" rel=\"noopener\">Zertifikat Systemcert ISO 9001:2015<\/a><\/p>\n<p><a href=\"https:\/\/www.vapic.de\/wp-content\/uploads\/241014-TUeV-Zertifikat.pdf\" target=\"_blank\" rel=\"noopener\">T\u00dcV Zertifikat Fachbetrieb nach WHG<\/a><\/p>\n<\/div><\/div><\/div><\/div><\/div><div id=\"pgc-3952-1-1\"  class=\"panel-grid-cell\" ><div id=\"panel-3952-1-1-0\" class=\"so-panel widget widget_wwm-text-widget panel-first-child panel-last-child\" data-index=\"3\" ><div\n\t\t\t\n\t\t\tclass=\"so-widget-wwm-text-widget so-widget-wwm-text-widget-base\"\n\t\t\t\n\t\t><div style=\"color:;\"><div style=\"padding:0px;\"><p><strong>General information<\/strong><\/p>\n<p><a href=\"https:\/\/www.vapic.de\/wp-content\/uploads\/vapic_company_presentation_EN.pdf\">Company Presentation<\/a><\/p>\n<p><a href=\"https:\/\/www.vapic.de\/wp-content\/uploads\/Hotelliste_Web.pdf\" target=\"_blank\" rel=\"noopener\">Hotel recommendations<\/a><\/p>\n<\/div><\/div><\/div><\/div><\/div><\/div><div id=\"pg-3952-2\"  class=\"panel-grid panel-no-style\" ><div id=\"pgc-3952-2-0\"  class=\"panel-grid-cell\" ><div id=\"panel-3952-2-0-0\" class=\"so-panel widget widget_wwm-text-widget panel-first-child panel-last-child\" data-index=\"4\" ><div\n\t\t\t\n\t\t\tclass=\"so-widget-wwm-text-widget so-widget-wwm-text-widget-base\"\n\t\t\t\n\t\t><div style=\"color:;\"><div style=\"padding:0px;\"><p><strong>Brochures<\/strong><\/p>\n<p><a href=\"https:\/\/www.vapic.de\/wp-content\/uploads\/FoldMax_Broschuere_DE.pdf\">Brosch\u00fcre FoldMax_DE<\/a><\/p>\n<p><a href=\"https:\/\/www.vapic.de\/wp-content\/uploads\/Broschuere-chemeco-solve.pdf\">Brosch\u00fcre chemeco solve_DE<\/a><\/p>\n<p><a href=\"https:\/\/www.vapic.de\/wp-content\/uploads\/Broschuere-chemeco-solve-PU.pdf\">Brosch\u00fcre chemeco solve PU_DE<\/a><\/p>\n<p><a href=\"https:\/\/www.vapic.de\/wp-content\/uploads\/Broschuere-chemeco-clean.pdf\">Brosch\u00fcre chemeco clean_DE<\/a><\/p>\n<\/div><\/div><\/div><\/div><\/div><div id=\"pgc-3952-2-1\"  class=\"panel-grid-cell\" ><div id=\"panel-3952-2-1-0\" class=\"so-panel widget widget_wwm-text-widget panel-first-child panel-last-child\" data-index=\"5\" ><div\n\t\t\t\n\t\t\tclass=\"so-widget-wwm-text-widget so-widget-wwm-text-widget-base\"\n\t\t\t\n\t\t><div style=\"color:;\"><div style=\"padding:0px;\"><p><strong>Query forms<\/strong><\/p>\n<p><a href=\"https:\/\/www.vapic.de\/wp-content\/uploads\/ID_VK_203_Anfrageformular-RA.docx\" target=\"_blank\" rel=\"noopener\">Anfrageformular Reinigungsanlagen DE<\/a><\/p>\n<p><a href=\"https:\/\/www.vapic.de\/wp-content\/uploads\/ID_LR_238-Anfrageformular-LR-1.docx\" target=\"_blank\" rel=\"noopener\">Anfrageformular Lohnreinigung DE<\/a><\/p>\n<p><a href=\"https:\/\/www.vapic.de\/wp-content\/uploads\/ID_CH_Anfrageformular-CH-1.docx\" target=\"_blank\" rel=\"noopener\">Anfrageformular Reinigungschemie DE<\/a><\/p>\n<\/div><\/div><\/div><\/div><\/div><\/div><div id=\"pg-3952-3\"  class=\"panel-grid panel-no-style\" ><div id=\"pgc-3952-3-0\"  class=\"panel-grid-cell panel-grid-cell-mobile-last\" ><div id=\"panel-3952-3-0-0\" class=\"so-panel widget widget_wwm-text-widget panel-first-child panel-last-child\" data-index=\"6\" ><div\n\t\t\t\n\t\t\tclass=\"so-widget-wwm-text-widget so-widget-wwm-text-widget-base\"\n\t\t\t\n\t\t><div style=\"color:;\"><div style=\"padding:0px;\"><p><strong>GTC<\/strong><\/p>\n<p><a href=\"https:\/\/www.vapic.de\/wp-content\/uploads\/Allgemeine-Verkaufsbedingungen-vapic.pdf\" target=\"_blank\" rel=\"noopener\">Allgemeine Verkaufsbedingungen vapic<\/a><\/p>\n<p><a href=\"https:\/\/www.vapic.de\/wp-content\/uploads\/Allgemeine-Bestellbedingungen-vapic.pdf\" target=\"_blank\" rel=\"noopener\">Allgemeine Bestellbedingungen vapic<\/a><\/p>\n<p><a href=\"https:\/\/www.vapic.de\/wp-content\/uploads\/Verhaltenskodex-fuer-Lieferanten-vapic.pdf\" target=\"_blank\" rel=\"noopener\">Verhaltenscodex f\u00fcr Lieferanten<\/a><\/p>\n<p>&nbsp;<\/p>\n<\/div><\/div><\/div><\/div><\/div><div id=\"pgc-3952-3-1\"  class=\"panel-grid-cell panel-grid-cell-empty\" ><\/div><\/div><\/div>","protected":false},"excerpt":{"rendered":"<p>Download centerHere you can download various documents. Certificates Zertifikat Systemcert ISO 9001:2015 T\u00dcV Zertifikat Fachbetrieb nach WHG General information Company Presentation Hotel recommendations Brochures Brosch\u00fcre FoldMax_DE Brosch\u00fcre chemeco solve_DE Brosch\u00fcre chemeco solve PU_DE Brosch\u00fcre chemeco clean_DE Query forms Anfrageformular Reinigungsanlagen DE Anfrageformular Lohnreinigung DE Anfrageformular Reinigungschemie DE GTC Allgemeine Verkaufsbedingungen [&hellip;]<\/p>\n","protected":false},"author":5,"featured_media":0,"parent":0,"menu_order":0,"comment_status":"closed","ping_status":"closed","template":"","meta":{"_acf_changed":false,"footnotes":""},"class_list":["post-3952","page","type-page","status-publish","hentry"],"acf":[],"_links":{"self":[{"href":"https:\/\/www.vapic.de\/en\/wp-json\/wp\/v2\/pages\/3952","targetHints":{"allow":["GET"]}}],"collection":[{"href":"https:\/\/www.vapic.de\/en\/wp-json\/wp\/v2\/pages"}],"about":[{"href":"https:\/\/www.vapic.de\/en\/wp-json\/wp\/v2\/types\/page"}],"author":[{"embeddable":true,"href":"https:\/\/www.vapic.de\/en\/wp-json\/wp\/v2\/users\/5"}],"replies":[{"embeddable":true,"href":"https:\/\/www.vapic.de\/en\/wp-json\/wp\/v2\/comments?post=3952"}],"version-history":[{"count":0,"href":"https:\/\/www.vapic.de\/en\/wp-json\/wp\/v2\/pages\/3952\/revisions"}],"wp:attachment":[{"href":"https:\/\/www.vapic.de\/en\/wp-json\/wp\/v2\/media?parent=3952"}],"curies":[{"name":"wp","href":"https:\/\/api.w.org\/{rel}","templated":true}]}}